{"id":1425,"date":"2021-03-02T21:38:00","date_gmt":"2021-03-02T20:38:00","guid":{"rendered":"https:\/\/beer-knight.royalbavarianbeer.com\/impressum\/"},"modified":"2024-05-15T09:10:03","modified_gmt":"2024-05-15T07:10:03","slug":"impressum","status":"publish","type":"page","link":"https:\/\/beer-knight.royalbavarianbeer.com\/de\/impressum\/","title":{"rendered":"Impressum"},"content":{"rendered":"<div class=\"page\" title=\"Page 2\">\n<div class=\"section\">\n<div class=\"layoutArea\">\n<div class=\"column\">\n<p>Ko\u0308nig Ludwig International GmbH &amp; Co. KG<br \/>\nSchlo\u00dfstra\u00dfe 8<br \/>\n82269 Geltendorf<\/p>\n<p><strong>Handelsregister<\/strong>: HRA 16309<br \/>\n<strong>Registergericht<\/strong>: AG Augsburg (HRA)<\/p>\n<p><strong>Vertreten durch<\/strong>: K\u00f6nig Ludwig INTERNATIONAL Verwaltungs-GmbH<br \/>\ndiese vertreten durch: Prinz Luitpold von Bayern<\/p>\n<p>Handelsregister: HRA 16309<br \/>\nRegistergericht: AG Augsburg (HRA)<\/p>\n<h3>Kontakt<\/h3>\n<p><strong>Telefon<\/strong>: +49 (0) 8193 99070 30<br \/>\n<strong>E-mail<\/strong>: info@kaltenberg.com<\/p>\n<h3>Umsatzsteuer-ID<\/h3>\n<p><strong>Umsatzsteuer-Identifikationsnummer<\/strong> gem\u00e4\u00df \u00a7 27 a Umsatzsteuergesetz:: DE 216776379<\/p>\n<h3><strong>Markenrechte<\/strong><\/h3>\n<p>Kaltenberg, K\u00f6nig Ludwig Weissbier, K\u00f6nig Ludwig Dunkel, Prinzregent Luitpold Weizenbock und Kaltenberg Ritterbock sind eingetragen Marken der K\u00f6nig Ludwig International GmbH &amp; Co. KG und d\u00fcrfen nicht ohne schriftliche Zustimmung des Markeninhabers verwendet werden.<\/p>\n<h3>EU-Streitschlichtung<\/h3>\n<p>Die Europ\u00e4ische Kommission stellt eine Plattform zur Online-Streitbeilegung (OS) bereit: https:\/\/ec.europa.eu\/consumers\/odr\/.<br \/>\nUnsere E-Mail-Adresse finden Sie oben im Impressum.<\/p>\n<p>Verbraucher\u00adstreit\u00adbeilegung\/Universal\u00adschlichtungs\u00adstelle<\/p>\n<\/div>\n<\/div>\n<\/div>\n<\/div>\n<div class=\"page\" title=\"Page 3\">\n<div class=\"section\">\n<div class=\"layoutArea\">\n<div class=\"column\">\n<p>Wir sind nicht bereit oder verpflichtet, an Streitbeilegungsverfahren vor einer Verbraucherschlichtungsstelle teilzunehmen.<\/p>\n<h3>Haftung f\u00fcr Inhalte<\/h3>\n<p>Als Diensteanbieter sind wir gem\u00e4\u00df \u00a7 7 Abs.1 DDG f\u00fcr eigene Inhalte auf diesen Seiten nach den allgemeinen Gesetzen verantwortlich. 1 Digitale Dienste Gesetz (DDG). Nach \u00a7\u00a7 8 bis 10 DDG sind Diensteanbieter jedoch nicht verpflichtet, die von ihnen \u00fcbermittelten oder gespeicherten fremden Informationen st\u00e4ndig zu \u00fcberwachen oder nach Umst\u00e4nden zu forschen, die auf eine rechtswidrige T\u00e4tigkeit hinweisen.<\/p>\n<p>Gesetzliche Verpflichtungen zur Entfernung von Informationen oder zur Sperrung der Nutzung von Informationen bleiben unangefochten. In diesem Fall ist eine Haftung erst ab dem Zeitpunkt der Kenntnis einer konkreten Rechtsverletzung m\u00f6glich. Bei Bekanntwerden von Rechtsverletzungen werden wir diese Inhalte umgehend entfernen.<\/p>\n<h3>Haftung f\u00fcr Links<\/h3>\n<p>Unser Angebot enth\u00e4lt Links zu externen Webseiten Dritter. Auf die Inhalte dieser Websites haben wir keinen Einfluss, daher k\u00f6nnen wir f\u00fcr diese Inhalte auch keine Gew\u00e4hr \u00fcbernehmen. F\u00fcr die Inhalte der verlinkten Seiten ist stets der jeweilige Anbieter oder Betreiber der Seiten verantwortlich.<\/p>\n<p>Die verlinkten Seiten wurden zum Zeitpunkt der Verlinkung auf m\u00f6gliche Rechtsverst\u00f6\u00dfe \u00fcberpr\u00fcft. Rechtswidrige Inhalte waren zum Zeitpunkt der Verlinkung nicht erkennbar. Eine permanente inhaltliche Kontrolle der verlinkten Seiten ist jedoch ohne konkrete Anhaltspunkte einer Rechtsverletzung nicht zumutbar. Bei Bekanntwerden von Rechtsverletzungen werden wir diese Links umgehend entfernen.<\/p>\n<h3>Urheberrecht<\/h3>\n<p>Die durch die Seitenbetreiber erstellten Inhalte und Werke auf diesen Seiten unterliegen dem deutschen Urheberrecht. Die Vervielf\u00e4ltigung, Bearbeitung, Verbreitung und jede Art der Verwertung au\u00dferhalb der Grenzen des Urheberrechtes bed\u00fcrfen der schriftlichen Zustimmung des jeweiligen Autors bzw. Erstellers. Downloads und Kopien dieser Seite sind nur f\u00fcr den privaten Gebrauch gestattet.<\/p>\n<p>Die kommerzielle Nutzung unserer Inhalte ohne Genehmigung des Urhebers ist untersagt.<\/p>\n<p>Die Urheberrechte Dritter werden beachtet, soweit die Inhalte auf diesen Seiten nicht vom Anbieter selbst stammen. Beitr\u00e4ge Dritter sind auf dieser Website als solche gekennzeichnet. Sollten Sie dennoch Verst\u00f6\u00dfe gegen das Urheberrecht feststellen, informieren Sie uns bitte. Derartige Inhalte werden unverz\u00fcglich entfernt.<\/p>\n<\/div>\n<\/div>\n<\/div>\n<\/div>\n","protected":false},"excerpt":{"rendered":"<p>Ko\u0308nig Ludwig International GmbH &amp; Co. KG Schlo\u00dfstra\u00dfe 8 82269 Geltendorf Handelsregister: HRA 16309 Registergericht: AG Augsburg (HRA) Vertreten durch: [&hellip;]<\/p>\n","protected":false},"author":1,"featured_media":0,"parent":0,"menu_order":0,"comment_status":"closed","ping_status":"closed","template":"","meta":{"footnotes":""},"class_list":["post-1425","page","type-page","status-publish","hentry"],"_links":{"self":[{"href":"https:\/\/beer-knight.royalbavarianbeer.com\/de\/wp-json\/wp\/v2\/pages\/1425","targetHints":{"allow":["GET"]}}],"collection":[{"href":"https:\/\/beer-knight.royalbavarianbeer.com\/de\/wp-json\/wp\/v2\/pages"}],"about":[{"href":"https:\/\/beer-knight.royalbavarianbeer.com\/de\/wp-json\/wp\/v2\/types\/page"}],"author":[{"embeddable":true,"href":"https:\/\/beer-knight.royalbavarianbeer.com\/de\/wp-json\/wp\/v2\/users\/1"}],"replies":[{"embeddable":true,"href":"https:\/\/beer-knight.royalbavarianbeer.com\/de\/wp-json\/wp\/v2\/comments?post=1425"}],"version-history":[{"count":1,"href":"https:\/\/beer-knight.royalbavarianbeer.com\/de\/wp-json\/wp\/v2\/pages\/1425\/revisions"}],"predecessor-version":[{"id":1428,"href":"https:\/\/beer-knight.royalbavarianbeer.com\/de\/wp-json\/wp\/v2\/pages\/1425\/revisions\/1428"}],"wp:attachment":[{"href":"https:\/\/beer-knight.royalbavarianbeer.com\/de\/wp-json\/wp\/v2\/media?parent=1425"}],"curies":[{"name":"wp","href":"https:\/\/api.w.org\/{rel}","templated":true}]}}