{"id":1334,"date":"2023-03-28T11:14:53","date_gmt":"2023-03-28T09:14:53","guid":{"rendered":"https:\/\/beer-knight.royalbavarianbeer.com\/willkommen\/"},"modified":"2023-06-12T15:59:12","modified_gmt":"2023-06-12T13:59:12","slug":"willkommen","status":"publish","type":"page","link":"https:\/\/beer-knight.royalbavarianbeer.com\/de\/","title":{"rendered":"Willkommen"},"content":{"rendered":"<div class=\"wpb-content-wrapper\"><p>[vc_row row_height_percent=&#8220;0&#8243; override_padding=&#8220;yes&#8220; h_padding=&#8220;3&#8243; top_padding=&#8220;2&#8243; bottom_padding=&#8220;1&#8243; back_color=&#8220;color-jevc&#8220; overlay_alpha=&#8220;50&#8243; gutter_size=&#8220;3&#8243; column_width_use_pixel=&#8220;yes&#8220; shift_y=&#8220;0&#8243; z_index=&#8220;0&#8243;][vc_column column_width_percent=&#8220;100&#8243; align_horizontal=&#8220;align_center&#8220; gutter_size=&#8220;3&#8243; override_padding=&#8220;yes&#8220; column_padding=&#8220;2&#8243; style=&#8220;dark&#8220; back_color=&#8220;color-jevc&#8220; overlay_alpha=&#8220;50&#8243; shift_x=&#8220;0&#8243; shift_y=&#8220;0&#8243; shift_y_down=&#8220;0&#8243; z_index=&#8220;0&#8243; medium_width=&#8220;0&#8243; align_mobile=&#8220;align_left_mobile&#8220; mobile_width=&#8220;0&#8243; radius=&#8220;std&#8220; shadow=&#8220;lg&#8220; width=&#8220;1\/1&#8243;][vc_custom_heading heading_semantic=&#8220;h3&#8243; text_font=&#8220;font-147702&#8243; text_size=&#8220;h5&#8243; text_transform=&#8220;uppercase&#8220; uncode_shortcode_id=&#8220;137712&#8243;]Im Herzen wahrhaft k\u00f6niglich[\/vc_custom_heading][vc_custom_heading text_font=&#8220;font-147702&#8243; text_size=&#8220;h1&#8243; text_transform=&#8220;uppercase&#8220; css_animation=&#8220;typewriter&#8220; animation_speed=&#8220;1000&#8243; animation_delay=&#8220;400&#8243; interval_animation=&#8220;100&#8243; uncode_shortcode_id=&#8220;132262&#8243;]Die k\u00f6niglich-bayerischen Bierritter[\/vc_custom_heading][vc_custom_heading text_color=&#8220;accent&#8220; text_font=&#8220;font-147702&#8243; text_transform=&#8220;uppercase&#8220; uncode_shortcode_id=&#8220;154256&#8243; text_color_type=&#8220;uncode-palette&#8220;]Echte Pers\u00f6nlichkeiten &#8211; mutig, lebensfroh, authentisch[\/vc_custom_heading][vc_separator sep_color=&#8220;,Default&#8220;][vc_custom_heading heading_semantic=&#8220;p&#8220; text_font=&#8220;font-425234&#8243; text_size=&#8220;h6&#8243; text_height=&#8220;fontheight-926281&#8243; uncode_shortcode_id=&#8220;210646&#8243;]Von der Community der k\u00f6niglich-bayerischen Bierliebhaber und Prinz Luitpold gew\u00e4hlt, sind unsere k\u00f6niglich-bayerischen Bierritter begeisterte Botschafter unserer Werte.<\/p>\n<p>&nbsp;<\/p>\n<p>Seit ihrer Ernennung stehen sie als Mitglieder der Internationalen K\u00f6niglich Bayerischen Bierrittergesellschaft f\u00fcr die Wertsch\u00e4tzung von echtem Qualit\u00e4tsbier, bayerischer Lebensart und k\u00f6niglicher Gesinnung.<\/p>\n<p>&nbsp;<\/p>\n<p>Es ist immer wieder eine echte Freude, diese aufgeschlossenen Pers\u00f6nlichkeiten zu treffen und ein Glas Bier (oder zwei) mit ihnen zu trinken.[\/vc_custom_heading][vc_separator sep_color=&#8220;,Default&#8220;][\/vc_column][\/vc_row][vc_row row_height_percent=&#8220;0&#8243; override_padding=&#8220;yes&#8220; h_padding=&#8220;2&#8243; top_padding=&#8220;2&#8243; bottom_padding=&#8220;2&#8243; overlay_alpha=&#8220;50&#8243; gutter_size=&#8220;3&#8243; column_width_percent=&#8220;100&#8243; shift_y=&#8220;0&#8243; z_index=&#8220;0&#8243; el_id=&#8220;belohnungen&#8220;][vc_column column_width_percent=&#8220;100&#8243; position_vertical=&#8220;middle&#8220; align_horizontal=&#8220;align_center&#8220; gutter_size=&#8220;3&#8243; style=&#8220;dark&#8220; overlay_alpha=&#8220;50&#8243; shift_x=&#8220;0&#8243; shift_y=&#8220;0&#8243; shift_y_down=&#8220;0&#8243; z_index=&#8220;0&#8243; medium_width=&#8220;0&#8243; mobile_width=&#8220;0&#8243; width=&#8220;1\/1&#8243;][vc_row_inner][vc_column_inner column_width_percent=&#8220;100&#8243; gutter_size=&#8220;1&#8243; overlay_alpha=&#8220;50&#8243; shift_x=&#8220;0&#8243; shift_y=&#8220;0&#8243; shift_y_down=&#8220;0&#8243; z_index=&#8220;0&#8243; medium_width=&#8220;0&#8243; mobile_width=&#8220;0&#8243; width=&#8220;1\/3&#8243; uncode_shortcode_id=&#8220;200622&#8243; link_to=&#8220;url:https%3A%2F%2Fbeer-knight.royalbavarianbeer.com%2Fde%2Fdame-marion-rbb-ritter-2021%2F|title:DAME%20MARION%2C%20RBB%20RITTER%202021&#8243;][vc_single_image media=&#8220;1110&#8243; media_width_percent=&#8220;100&#8243; media_ratio=&#8220;one-one&#8220; uncode_shortcode_id=&#8220;172537&#8243;][vc_empty_space empty_h=&#8220;1&#8243;][vc_custom_heading text_size=&#8220;h3&#8243; uncode_shortcode_id=&#8220;141010&#8243;]Dame Marion[\/vc_custom_heading][vc_custom_heading heading_semantic=&#8220;h3&#8243; text_size=&#8220;h5&#8243; uncode_shortcode_id=&#8220;181562&#8243;]Die Stilvolle vom Starnberger See[\/vc_custom_heading][\/vc_column_inner][vc_column_inner column_width_percent=&#8220;100&#8243; gutter_size=&#8220;1&#8243; overlay_alpha=&#8220;50&#8243; shift_x=&#8220;0&#8243; shift_y=&#8220;0&#8243; shift_y_down=&#8220;0&#8243; z_index=&#8220;0&#8243; medium_width=&#8220;0&#8243; mobile_width=&#8220;0&#8243; width=&#8220;1\/3&#8243; uncode_shortcode_id=&#8220;101141&#8243; link_to=&#8220;url:https%3A%2F%2Fbeer-knight.royalbavarianbeer.com%2Fde%2Fsir-franz-rbb-ritter-2021|title:SIR%20FRANZ%2C%20RBB%20RITTER%202021&#8243;][vc_single_image media=&#8220;1111&#8243; media_width_percent=&#8220;100&#8243; media_ratio=&#8220;one-one&#8220; uncode_shortcode_id=&#8220;157687&#8243;][vc_empty_space empty_h=&#8220;1&#8243;][vc_custom_heading text_size=&#8220;h3&#8243; uncode_shortcode_id=&#8220;420328&#8243;]Sir Franz[\/vc_custom_heading][vc_custom_heading heading_semantic=&#8220;h3&#8243; text_size=&#8220;h5&#8243; uncode_shortcode_id=&#8220;822903&#8243;]Der Tugendhafte aus der Hallertau[\/vc_custom_heading][\/vc_column_inner][vc_column_inner column_width_percent=&#8220;100&#8243; gutter_size=&#8220;1&#8243; overlay_alpha=&#8220;50&#8243; shift_x=&#8220;0&#8243; shift_y=&#8220;0&#8243; shift_y_down=&#8220;0&#8243; z_index=&#8220;0&#8243; medium_width=&#8220;0&#8243; mobile_width=&#8220;0&#8243; width=&#8220;1\/3&#8243; uncode_shortcode_id=&#8220;164709&#8243; link_to=&#8220;url:https%3A%2F%2Fbeer-knight.royalbavarianbeer.com%2Fde%2Fsir-markus-rbb-ritter-2021|title:SIR%20MARKUS%2C%20RBB%20RITTER%202021&#8243;][vc_single_image media=&#8220;1109&#8243; media_width_percent=&#8220;100&#8243; media_ratio=&#8220;one-one&#8220; uncode_shortcode_id=&#8220;207233&#8243;][vc_empty_space empty_h=&#8220;1&#8243;][vc_custom_heading text_size=&#8220;h3&#8243; uncode_shortcode_id=&#8220;803649&#8243;]Sir Markus[\/vc_custom_heading][vc_custom_heading heading_semantic=&#8220;h3&#8243; text_size=&#8220;h5&#8243; uncode_shortcode_id=&#8220;223248&#8243;]Der Erfindungsreiche zu Berg[\/vc_custom_heading][\/vc_column_inner][\/vc_row_inner][\/vc_column][\/vc_row]<\/p>\n<\/div>","protected":false},"excerpt":{"rendered":"<p>[vc_row row_height_percent=&#8220;0&#8243; override_padding=&#8220;yes&#8220; h_padding=&#8220;3&#8243; top_padding=&#8220;2&#8243; bottom_padding=&#8220;1&#8243; back_color=&#8220;color-jevc&#8220; overlay_alpha=&#8220;50&#8243; gutter_size=&#8220;3&#8243; column_width_use_pixel=&#8220;yes&#8220; shift_y=&#8220;0&#8243; z_index=&#8220;0&#8243;][vc_column column_width_percent=&#8220;100&#8243; align_horizontal=&#8220;align_center&#8220; gutter_size=&#8220;3&#8243; override_padding=&#8220;yes&#8220; column_padding=&#8220;2&#8243; style=&#8220;dark&#8220; back_color=&#8220;color-jevc&#8220; overlay_alpha=&#8220;50&#8243; [&hellip;]<\/p>\n","protected":false},"author":1,"featured_media":0,"parent":0,"menu_order":0,"comment_status":"closed","ping_status":"closed","template":"","meta":{"footnotes":""},"class_list":["post-1334","page","type-page","status-publish","hentry"],"_links":{"self":[{"href":"https:\/\/beer-knight.royalbavarianbeer.com\/de\/wp-json\/wp\/v2\/pages\/1334","targetHints":{"allow":["GET"]}}],"collection":[{"href":"https:\/\/beer-knight.royalbavarianbeer.com\/de\/wp-json\/wp\/v2\/pages"}],"about":[{"href":"https:\/\/beer-knight.royalbavarianbeer.com\/de\/wp-json\/wp\/v2\/types\/page"}],"author":[{"embeddable":true,"href":"https:\/\/beer-knight.royalbavarianbeer.com\/de\/wp-json\/wp\/v2\/users\/1"}],"replies":[{"embeddable":true,"href":"https:\/\/beer-knight.royalbavarianbeer.com\/de\/wp-json\/wp\/v2\/comments?post=1334"}],"version-history":[{"count":38,"href":"https:\/\/beer-knight.royalbavarianbeer.com\/de\/wp-json\/wp\/v2\/pages\/1334\/revisions"}],"predecessor-version":[{"id":1415,"href":"https:\/\/beer-knight.royalbavarianbeer.com\/de\/wp-json\/wp\/v2\/pages\/1334\/revisions\/1415"}],"wp:attachment":[{"href":"https:\/\/beer-knight.royalbavarianbeer.com\/de\/wp-json\/wp\/v2\/media?parent=1334"}],"curies":[{"name":"wp","href":"https:\/\/api.w.org\/{rel}","templated":true}]}}